{"id":14,"date":"2019-02-04T22:27:40","date_gmt":"2019-02-04T22:27:40","guid":{"rendered":"http:\/\/homoeopathie-moltrecht.de\/?page_id=14"},"modified":"2019-02-28T19:18:46","modified_gmt":"2019-02-28T19:18:46","slug":"behandlungsschwerpunkte","status":"publish","type":"page","link":"https:\/\/homoeopathie-moltrecht.de\/?page_id=14","title":{"rendered":"Schwerpunkte"},"content":{"rendered":"\n<p><\/p>\n\n\n\n<div class=\"wp-block-media-text alignwide has-media-on-the-right is-stacked-on-mobile\" style=\"grid-template-columns:auto 38%\"><figure class=\"wp-block-media-text__media\"><img loading=\"lazy\" decoding=\"async\" width=\"639\" height=\"437\" src=\"http:\/\/homoeopathie-moltrecht.de\/wp-content\/uploads\/2019\/02\/schwerpunkte.jpg\" alt=\"Susanne Moltrecht an ihrem Schreibtisch\" class=\"wp-image-172\" srcset=\"https:\/\/homoeopathie-moltrecht.de\/wp-content\/uploads\/2019\/02\/schwerpunkte.jpg 639w, https:\/\/homoeopathie-moltrecht.de\/wp-content\/uploads\/2019\/02\/schwerpunkte-300x205.jpg 300w\" sizes=\"auto, (max-width: 639px) 100vw, 639px\" \/><\/figure><div class=\"wp-block-media-text__content\">\n<p class=\"has-drop-cap\">Meinen Erfahrungen nach kann die Hom\u00f6opathie besonders gut helfen bei Erkrankungen des Magen- und Darmtraktes, Hautproblemen und rheumatischen Erkrankungen. Auch hormonelle Ungleichgewichte (z.B. in Umstellungsphasen des K\u00f6rpers wie Pubert\u00e4t und Wechseljahre, unterst\u00fctzende Behandlung bei unerf\u00fclltem Kinderwunsch) lassen sich oft ganz sanft mit einer ganzheitlichen Betrachtung und Hilfe aus der Welt schaffen.<br>Vielen Patienten mit Allergien, chronische Erkrankungen der Haut, der Harnwege oder der Verdauungsorgane konnte ich auf sanfte Weise helfen.<br>Aber auch seelische Probleme, wie Ersch\u00f6pfung und Stress, \u00c4ngste und depressive Verstimmungen, Essst\u00f6rungen sind Gebiete, bei denen ich gute Erfolge mit meiner Behandlung erzielen konnte.<br>Auch in Umbruchsituationen wie Trennungen biete ich meine Hilfe an, ebenso wie bei Kindern mit Konzentrationsschw\u00e4chen, Unruhezust\u00e4nden, Schulangst, Schlafst\u00f6rungen und Entwicklungsverz\u00f6gerungen.<\/p>\n<\/div><\/div>\n","protected":false},"excerpt":{"rendered":"<p>Meinen Erfahrungen nach kann die Hom\u00f6opathie besonders gut helfen bei Erkrankungen des Magen- und Darmtraktes, Hautproblemen und rheumatischen Erkrankungen. Auch hormonelle Ungleichgewichte (z.B. in Umstellungsphasen des K\u00f6rpers wie Pubert\u00e4t und Wechseljahre, unterst\u00fctzende Behandlung bei unerf\u00fclltem Kinderwunsch) lassen sich oft ganz sanft mit einer ganzheitlichen Betrachtung und Hilfe aus der Welt schaffen.Vielen Patienten mit Allergien, chronische [&hellip;]<\/p>\n","protected":false},"author":1,"featured_media":0,"parent":0,"menu_order":0,"comment_status":"closed","ping_status":"closed","template":"","meta":{"ocean_post_layout":"","ocean_both_sidebars_style":"","ocean_both_sidebars_content_width":0,"ocean_both_sidebars_sidebars_width":0,"ocean_sidebar":"0","ocean_second_sidebar":"0","ocean_disable_margins":"enable","ocean_add_body_class":"","ocean_shortcode_before_top_bar":"","ocean_shortcode_after_top_bar":"","ocean_shortcode_before_header":"","ocean_shortcode_after_header":"","ocean_has_shortcode":"","ocean_shortcode_after_title":"","ocean_shortcode_before_footer_widgets":"","ocean_shortcode_after_footer_widgets":"","ocean_shortcode_before_footer_bottom":"","ocean_shortcode_after_footer_bottom":"","ocean_display_top_bar":"default","ocean_display_header":"default","ocean_header_style":"","ocean_center_header_left_menu":"0","ocean_custom_header_template":"0","ocean_custom_logo":0,"ocean_custom_retina_logo":0,"ocean_custom_logo_max_width":0,"ocean_custom_logo_tablet_max_width":0,"ocean_custom_logo_mobile_max_width":0,"ocean_custom_logo_max_height":0,"ocean_custom_logo_tablet_max_height":0,"ocean_custom_logo_mobile_max_height":0,"ocean_header_custom_menu":"0","ocean_menu_typo_font_family":"0","ocean_menu_typo_font_subset":"","ocean_menu_typo_font_size":0,"ocean_menu_typo_font_size_tablet":0,"ocean_menu_typo_font_size_mobile":0,"ocean_menu_typo_font_size_unit":"px","ocean_menu_typo_font_weight":"","ocean_menu_typo_font_weight_tablet":"","ocean_menu_typo_font_weight_mobile":"","ocean_menu_typo_transform":"","ocean_menu_typo_transform_tablet":"","ocean_menu_typo_transform_mobile":"","ocean_menu_typo_line_height":0,"ocean_menu_typo_line_height_tablet":0,"ocean_menu_typo_line_height_mobile":0,"ocean_menu_typo_line_height_unit":"","ocean_menu_typo_spacing":0,"ocean_menu_typo_spacing_tablet":0,"ocean_menu_typo_spacing_mobile":0,"ocean_menu_typo_spacing_unit":"","ocean_menu_link_color":"","ocean_menu_link_color_hover":"","ocean_menu_link_color_active":"","ocean_menu_link_background":"","ocean_menu_link_hover_background":"","ocean_menu_link_active_background":"","ocean_menu_social_links_bg":"","ocean_menu_social_hover_links_bg":"","ocean_menu_social_links_color":"","ocean_menu_social_hover_links_color":"","ocean_disable_title":"default","ocean_disable_heading":"default","ocean_post_title":"","ocean_post_subheading":"","ocean_post_title_style":"","ocean_post_title_background_color":"","ocean_post_title_background":0,"ocean_post_title_bg_image_position":"","ocean_post_title_bg_image_attachment":"","ocean_post_title_bg_image_repeat":"","ocean_post_title_bg_image_size":"","ocean_post_title_height":0,"ocean_post_title_bg_overlay":0.5,"ocean_post_title_bg_overlay_color":"","ocean_disable_breadcrumbs":"default","ocean_breadcrumbs_color":"","ocean_breadcrumbs_separator_color":"","ocean_breadcrumbs_links_color":"","ocean_breadcrumbs_links_hover_color":"","ocean_display_footer_widgets":"default","ocean_display_footer_bottom":"default","ocean_custom_footer_template":"0","footnotes":""},"class_list":["post-14","page","type-page","status-publish","hentry","entry"],"_links":{"self":[{"href":"https:\/\/homoeopathie-moltrecht.de\/index.php?rest_route=\/wp\/v2\/pages\/14","targetHints":{"allow":["GET"]}}],"collection":[{"href":"https:\/\/homoeopathie-moltrecht.de\/index.php?rest_route=\/wp\/v2\/pages"}],"about":[{"href":"https:\/\/homoeopathie-moltrecht.de\/index.php?rest_route=\/wp\/v2\/types\/page"}],"author":[{"embeddable":true,"href":"https:\/\/homoeopathie-moltrecht.de\/index.php?rest_route=\/wp\/v2\/users\/1"}],"replies":[{"embeddable":true,"href":"https:\/\/homoeopathie-moltrecht.de\/index.php?rest_route=%2Fwp%2Fv2%2Fcomments&post=14"}],"version-history":[{"count":12,"href":"https:\/\/homoeopathie-moltrecht.de\/index.php?rest_route=\/wp\/v2\/pages\/14\/revisions"}],"predecessor-version":[{"id":339,"href":"https:\/\/homoeopathie-moltrecht.de\/index.php?rest_route=\/wp\/v2\/pages\/14\/revisions\/339"}],"wp:attachment":[{"href":"https:\/\/homoeopathie-moltrecht.de\/index.php?rest_route=%2Fwp%2Fv2%2Fmedia&parent=14"}],"curies":[{"name":"wp","href":"https:\/\/api.w.org\/{rel}","templated":true}]}}