{"id":59,"date":"2019-02-05T17:55:10","date_gmt":"2019-02-05T17:55:10","guid":{"rendered":"http:\/\/homoeopathie-moltrecht.de\/?page_id=59"},"modified":"2019-02-28T19:16:46","modified_gmt":"2019-02-28T19:16:46","slug":"ueber-mich","status":"publish","type":"page","link":"https:\/\/homoeopathie-moltrecht.de\/?page_id=59","title":{"rendered":"\u00dcber mich"},"content":{"rendered":"\n<p><\/p>\n\n\n\n<div class=\"wp-block-media-text alignwide is-stacked-on-mobile\"><figure class=\"wp-block-media-text__media\"><img loading=\"lazy\" decoding=\"async\" width=\"639\" height=\"437\" src=\"http:\/\/homoeopathie-moltrecht.de\/wp-content\/uploads\/2019\/02\/Unbenannte-Anlage-00007.jpg\" alt=\"\" class=\"wp-image-114\" srcset=\"https:\/\/homoeopathie-moltrecht.de\/wp-content\/uploads\/2019\/02\/Unbenannte-Anlage-00007.jpg 639w, https:\/\/homoeopathie-moltrecht.de\/wp-content\/uploads\/2019\/02\/Unbenannte-Anlage-00007-300x205.jpg 300w\" sizes=\"auto, (max-width: 639px) 100vw, 639px\" \/><\/figure><div class=\"wp-block-media-text__content\">\n<p class=\"has-drop-cap\"><\/p>\n\n\n\n<p class=\"has-drop-cap\">Seit dem Abschlu\u00df meiner Pr\u00fcfungen zur staatlich anerkannten Heilpraktikerin im Jahr 2004 arbeite ich als klassische Hom\u00f6opathin.<br>Fortlaufend nehme ich seitdem an Fortbildungen (u.a. Sehgal-Methode) und Supervisionskursen teil, habe eine Ausbildung in analytischer und psychologischer Kinesiologie erfolgreich abgeschlossen.<br>Mit diesem Wissen und mit meinem in der Praxis erworbenen Erfahrungsschatz stehe ich f\u00fcr Ihre Fragen und Sorgen zur Verf\u00fcgung.<br>Ich bin 1963 in Hamburg Blankenese geboren und Mutter zweier erwachsener T\u00f6chter. Durch eigene Erfahrungen und durch Erfahrungen mit meinen Kindern habe ich die Hom\u00f6opathie kennen und ihre sanften Kr\u00e4fte sch\u00e4tzen gelernt.<\/p>\n<\/div><\/div>\n","protected":false},"excerpt":{"rendered":"<p>Seit dem Abschlu\u00df meiner Pr\u00fcfungen zur staatlich anerkannten Heilpraktikerin im Jahr 2004 arbeite ich als klassische Hom\u00f6opathin.Fortlaufend nehme ich seitdem an Fortbildungen (u.a. Sehgal-Methode) und Supervisionskursen teil, habe eine Ausbildung in analytischer und psychologischer Kinesiologie erfolgreich abgeschlossen.Mit diesem Wissen und mit meinem in der Praxis erworbenen Erfahrungsschatz stehe ich f\u00fcr Ihre Fragen und Sorgen zur [&hellip;]<\/p>\n","protected":false},"author":1,"featured_media":0,"parent":0,"menu_order":0,"comment_status":"closed","ping_status":"closed","template":"","meta":{"ocean_post_layout":"","ocean_both_sidebars_style":"","ocean_both_sidebars_content_width":0,"ocean_both_sidebars_sidebars_width":0,"ocean_sidebar":"0","ocean_second_sidebar":"0","ocean_disable_margins":"enable","ocean_add_body_class":"","ocean_shortcode_before_top_bar":"","ocean_shortcode_after_top_bar":"","ocean_shortcode_before_header":"","ocean_shortcode_after_header":"","ocean_has_shortcode":"","ocean_shortcode_after_title":"","ocean_shortcode_before_footer_widgets":"","ocean_shortcode_after_footer_widgets":"","ocean_shortcode_before_footer_bottom":"","ocean_shortcode_after_footer_bottom":"","ocean_display_top_bar":"default","ocean_display_header":"default","ocean_header_style":"","ocean_center_header_left_menu":"0","ocean_custom_header_template":"0","ocean_custom_logo":0,"ocean_custom_retina_logo":0,"ocean_custom_logo_max_width":0,"ocean_custom_logo_tablet_max_width":0,"ocean_custom_logo_mobile_max_width":0,"ocean_custom_logo_max_height":0,"ocean_custom_logo_tablet_max_height":0,"ocean_custom_logo_mobile_max_height":0,"ocean_header_custom_menu":"0","ocean_menu_typo_font_family":"0","ocean_menu_typo_font_subset":"","ocean_menu_typo_font_size":0,"ocean_menu_typo_font_size_tablet":0,"ocean_menu_typo_font_size_mobile":0,"ocean_menu_typo_font_size_unit":"px","ocean_menu_typo_font_weight":"","ocean_menu_typo_font_weight_tablet":"","ocean_menu_typo_font_weight_mobile":"","ocean_menu_typo_transform":"","ocean_menu_typo_transform_tablet":"","ocean_menu_typo_transform_mobile":"","ocean_menu_typo_line_height":0,"ocean_menu_typo_line_height_tablet":0,"ocean_menu_typo_line_height_mobile":0,"ocean_menu_typo_line_height_unit":"","ocean_menu_typo_spacing":0,"ocean_menu_typo_spacing_tablet":0,"ocean_menu_typo_spacing_mobile":0,"ocean_menu_typo_spacing_unit":"","ocean_menu_link_color":"","ocean_menu_link_color_hover":"","ocean_menu_link_color_active":"","ocean_menu_link_background":"","ocean_menu_link_hover_background":"","ocean_menu_link_active_background":"","ocean_menu_social_links_bg":"","ocean_menu_social_hover_links_bg":"","ocean_menu_social_links_color":"","ocean_menu_social_hover_links_color":"","ocean_disable_title":"default","ocean_disable_heading":"default","ocean_post_title":"","ocean_post_subheading":"","ocean_post_title_style":"","ocean_post_title_background_color":"","ocean_post_title_background":0,"ocean_post_title_bg_image_position":"","ocean_post_title_bg_image_attachment":"","ocean_post_title_bg_image_repeat":"","ocean_post_title_bg_image_size":"","ocean_post_title_height":0,"ocean_post_title_bg_overlay":0.5,"ocean_post_title_bg_overlay_color":"","ocean_disable_breadcrumbs":"default","ocean_breadcrumbs_color":"","ocean_breadcrumbs_separator_color":"","ocean_breadcrumbs_links_color":"","ocean_breadcrumbs_links_hover_color":"","ocean_display_footer_widgets":"default","ocean_display_footer_bottom":"default","ocean_custom_footer_template":"0","footnotes":""},"class_list":["post-59","page","type-page","status-publish","hentry","entry"],"_links":{"self":[{"href":"https:\/\/homoeopathie-moltrecht.de\/index.php?rest_route=\/wp\/v2\/pages\/59","targetHints":{"allow":["GET"]}}],"collection":[{"href":"https:\/\/homoeopathie-moltrecht.de\/index.php?rest_route=\/wp\/v2\/pages"}],"about":[{"href":"https:\/\/homoeopathie-moltrecht.de\/index.php?rest_route=\/wp\/v2\/types\/page"}],"author":[{"embeddable":true,"href":"https:\/\/homoeopathie-moltrecht.de\/index.php?rest_route=\/wp\/v2\/users\/1"}],"replies":[{"embeddable":true,"href":"https:\/\/homoeopathie-moltrecht.de\/index.php?rest_route=%2Fwp%2Fv2%2Fcomments&post=59"}],"version-history":[{"count":8,"href":"https:\/\/homoeopathie-moltrecht.de\/index.php?rest_route=\/wp\/v2\/pages\/59\/revisions"}],"predecessor-version":[{"id":338,"href":"https:\/\/homoeopathie-moltrecht.de\/index.php?rest_route=\/wp\/v2\/pages\/59\/revisions\/338"}],"wp:attachment":[{"href":"https:\/\/homoeopathie-moltrecht.de\/index.php?rest_route=%2Fwp%2Fv2%2Fmedia&parent=59"}],"curies":[{"name":"wp","href":"https:\/\/api.w.org\/{rel}","templated":true}]}}